{"id":30,"date":"2022-04-08T17:03:16","date_gmt":"2022-04-08T15:03:16","guid":{"rendered":"http:\/\/prywatnepozyczki24h.pl\/?page_id=30"},"modified":"2026-02-18T09:43:36","modified_gmt":"2026-02-18T08:43:36","slug":"o-nas-2","status":"publish","type":"page","link":"https:\/\/prywatnepozyczki24h.pl\/index.php\/o-nas-2\/","title":{"rendered":"O Nas"},"content":{"rendered":"\n<p class=\"has-text-align-center\">Po\u017cyczka prywatna, kredyt pod zastaw nieruchomo\u015bci dla firm oraz os\u00f3b prywatnych z ca\u0142ej Polski, Bydgoszcz, Katowice, Warszawa, Toru\u0144, Radom, Lublin.<\/p>\n\n\n\n<p class=\"has-text-align-center\">Po\u017cyczka pod zastaw nieruchomo\u015bci to coraz bardziej popularna forma pomocy finansowej, w kt\u00f3rej zabezpieczeniem mo\u017ce by\u0107 dom, mieszkanie, dzia\u0142ka, lokal u\u017cytkowy lub jakakolwiek inna nieruchomo\u015b\u0107 (r\u00f3wnie\u017c zwi\u0105zana z prowadzon\u0105 dzia\u0142alno\u015bci\u0105 gospodarcz\u0105). <\/p>\n\n\n\n<p class=\"has-text-align-center\">Zaci\u0105gni\u0119cie po\u017cyczki, kredytu wi\u0105\u017ce si\u0119 z przes\u0142aniem niezb\u0119dnych dokument\u00f3w. Poza formularzem, wa\u017cne jest przygotowanie zdj\u0119\u0107 nieruchomo\u015bci. Dost\u0119pne w naszej ofercie po\u017cyczki pod zastaw nieruchomo\u015bci s\u0105 dopasowywane do indywidualnych potrzeb i oczekiwa\u0144 naszych klient\u00f3w, tak aby ich sp\u0142ata nie stanowi\u0142a wi\u0119kszego problemu. Akceptujemy r\u00f3\u017cne formy zabezpieczenia, podejmujemy r\u00f3wnie\u017c wsp\u00f3\u0142prac\u0119 z osobami, kt\u00f3rych nieruchomo\u015b\u0107 zosta\u0142a obci\u0105\u017cona przez komornika.<\/p>\n\n\n\n<h1 class=\"wp-block-heading has-text-align-center\">Po\u017cyczka24<\/h1>\n\n\n\n<p class=\"has-text-align-center\">Obs\u0142ugujemy Teren ca\u0142ej Polski, G\u0142\u00f3wny obszar naszej dzia\u0142alno\u015bci to Kujawsko-Pomorskie, \u015al\u0105sk, Dolny \u015al\u0105sk zw\u0142aszcza takie miasta, jak Katowice ,Warszawa, Bydgoszcz, Legnica, Wroc\u0142aw.<\/p>\n\n\n\n<p class=\"has-text-align-center\">Prosta i bezpieczna forma uzyskania kredytu-kapita\u0142u. Po\u017cyczki pod zastaw nieruchomo\u015bci stanowi\u0105 idealne rozwi\u0105zanie zar\u00f3wno dla os\u00f3b prywatnych, jak i dla firm posiadaj\u0105cych z\u0142\u0105 histori\u0119 kredytow\u0105 w bazach BIK, KRD czy ERIF. Dzi\u0119ki tego rodzaju formie uzyskania kapita\u0142u, klient ma szans\u0119 na wyj\u015bcie z dotychczasowych problem\u00f3w got\u00f3wkowych oraz na sp\u0142at\u0119 zaci\u0105gni\u0119tych zad\u0142u\u017ce\u0144, aby m\u00f3c powr\u00f3ci\u0107 do stabilizacji finansowej. Udzielamy po\u017cyczek pod zastaw nieruchomo\u015bci na terenie ca\u0142ej Polski,  jak Mazowieckie, \u015al\u0105sk oraz Kujawsko-Pomorskie. Naszymi klientami s\u0105 osoby prywatne oraz firmy funkcjonuj\u0105ce mi\u0119dzy innymi na obszarze takich miast, jak,<\/p>\n\n\n\n<p class=\"has-text-align-center\">Katowice, Warszawa, Bydgoszcz, Wroc\u0142aw, Legnica, Lublin.<\/p>\n\n\n\n<p><\/p>\n","protected":false},"excerpt":{"rendered":"<p>Po\u017cyczka prywatna, kredyt pod zastaw nieruchomo\u015bci dla firm oraz os\u00f3b prywatnych z ca\u0142ej Polski, Bydgoszcz, Katowice, Warszawa, Toru\u0144, Radom, Lublin.<\/p>\n<p><a href=\"https:\/\/prywatnepozyczki24h.pl\/index.php\/o-nas-2\/\" class=\"more-link\">Continue reading<span class=\"screen-reader-text\">O Nas<\/span><\/a><\/p>\n","protected":false},"author":1,"featured_media":0,"parent":0,"menu_order":0,"comment_status":"closed","ping_status":"closed","template":"","meta":{"_monsterinsights_skip_tracking":false,"_monsterinsights_sitenote_active":false,"_monsterinsights_sitenote_note":"","_monsterinsights_sitenote_category":0,"footnotes":""},"class_list":["post-30","page","type-page","status-publish","hentry"],"aioseo_notices":[],"_links":{"self":[{"href":"https:\/\/prywatnepozyczki24h.pl\/index.php\/wp-json\/wp\/v2\/pages\/30","targetHints":{"allow":["GET"]}}],"collection":[{"href":"https:\/\/prywatnepozyczki24h.pl\/index.php\/wp-json\/wp\/v2\/pages"}],"about":[{"href":"https:\/\/prywatnepozyczki24h.pl\/index.php\/wp-json\/wp\/v2\/types\/page"}],"author":[{"embeddable":true,"href":"https:\/\/prywatnepozyczki24h.pl\/index.php\/wp-json\/wp\/v2\/users\/1"}],"replies":[{"embeddable":true,"href":"https:\/\/prywatnepozyczki24h.pl\/index.php\/wp-json\/wp\/v2\/comments?post=30"}],"version-history":[{"count":9,"href":"https:\/\/prywatnepozyczki24h.pl\/index.php\/wp-json\/wp\/v2\/pages\/30\/revisions"}],"predecessor-version":[{"id":136,"href":"https:\/\/prywatnepozyczki24h.pl\/index.php\/wp-json\/wp\/v2\/pages\/30\/revisions\/136"}],"wp:attachment":[{"href":"https:\/\/prywatnepozyczki24h.pl\/index.php\/wp-json\/wp\/v2\/media?parent=30"}],"curies":[{"name":"wp","href":"https:\/\/api.w.org\/{rel}","templated":true}]}}