{"id":2,"date":"2022-04-08T11:31:01","date_gmt":"2022-04-08T09:31:01","guid":{"rendered":"http:\/\/prywatnepozyczki24h.pl\/?page_id=2"},"modified":"2026-02-25T08:52:31","modified_gmt":"2026-02-25T07:52:31","slug":"przykladowa-strona","status":"publish","type":"page","link":"https:\/\/prywatnepozyczki24h.pl\/","title":{"rendered":"Po\u017cyczka Prywatna"},"content":{"rendered":"\n<p>Po\u017cyczka prywatna, obs\u0142ugujemy i udzielamy kredyt\u00f3w na terenie ca\u0142ej Polski, g\u0142\u00f3wny obszar naszej dzia\u0142alno\u015bci to zw\u0142aszcza takie miasta, jak Bydgoszcz, Katowice, Toru\u0144, Lublin, Legnica, Wroc\u0142aw. Prosta i bezpieczna forma uzyskania kapita\u0142u. Po\u017cyczki pod zastaw nieruchomo\u015bci stanowi\u0105 idealne rozwi\u0105zanie zar\u00f3wno dla os\u00f3b prywatnych, jak i dla firm posiadaj\u0105cych z\u0142\u0105 histori\u0119 kredytow\u0105 w bazach BIK, KRD czy ERIF. Dzi\u0119ki tego rodzaju formie uzyskania kapita\u0142u, klient ma szans\u0119 na wyj\u015bcie z dotychczasowych problem\u00f3w got\u00f3wkowych oraz na sp\u0142at\u0119 zaci\u0105gni\u0119tych zad\u0142u\u017ce\u0144, aby m\u00f3c powr\u00f3ci\u0107 do stabilizacji finansowej. Udzielamy po\u017cyczek pod zastaw nieruchomo\u015bci na terenie ca\u0142ej Polski, ze szczeg\u00f3lnym uwzgl\u0119dnieniem takich region\u00f3w, jak \u015al\u0105sk oraz Kujawsko-Pomorskie. Naszymi klientami s\u0105 osoby prywatne oraz firmy funkcjonuj\u0105ce mi\u0119dzy innymi na obszarze takich miast, jak Bydgoszcz, Toru\u0144, Lublin, Katowice, Wroc\u0142aw, Legnica, Opole.<\/p>\n\n\n\n<p><\/p>\n","protected":false},"excerpt":{"rendered":"<p>Po\u017cyczka prywatna, obs\u0142ugujemy i udzielamy kredyt\u00f3w na terenie ca\u0142ej Polski, g\u0142\u00f3wny obszar naszej dzia\u0142alno\u015bci to zw\u0142aszcza takie miasta, jak Bydgoszcz,<\/p>\n<p><a href=\"https:\/\/prywatnepozyczki24h.pl\/\" class=\"more-link\">Continue reading<span class=\"screen-reader-text\">Po\u017cyczka Prywatna<\/span><\/a><\/p>\n","protected":false},"author":1,"featured_media":0,"parent":0,"menu_order":0,"comment_status":"closed","ping_status":"open","template":"","meta":{"_monsterinsights_skip_tracking":false,"_monsterinsights_sitenote_active":false,"_monsterinsights_sitenote_note":"","_monsterinsights_sitenote_category":0,"footnotes":""},"class_list":["post-2","page","type-page","status-publish","hentry"],"aioseo_notices":[],"_links":{"self":[{"href":"https:\/\/prywatnepozyczki24h.pl\/index.php\/wp-json\/wp\/v2\/pages\/2","targetHints":{"allow":["GET"]}}],"collection":[{"href":"https:\/\/prywatnepozyczki24h.pl\/index.php\/wp-json\/wp\/v2\/pages"}],"about":[{"href":"https:\/\/prywatnepozyczki24h.pl\/index.php\/wp-json\/wp\/v2\/types\/page"}],"author":[{"embeddable":true,"href":"https:\/\/prywatnepozyczki24h.pl\/index.php\/wp-json\/wp\/v2\/users\/1"}],"replies":[{"embeddable":true,"href":"https:\/\/prywatnepozyczki24h.pl\/index.php\/wp-json\/wp\/v2\/comments?post=2"}],"version-history":[{"count":13,"href":"https:\/\/prywatnepozyczki24h.pl\/index.php\/wp-json\/wp\/v2\/pages\/2\/revisions"}],"predecessor-version":[{"id":129,"href":"https:\/\/prywatnepozyczki24h.pl\/index.php\/wp-json\/wp\/v2\/pages\/2\/revisions\/129"}],"wp:attachment":[{"href":"https:\/\/prywatnepozyczki24h.pl\/index.php\/wp-json\/wp\/v2\/media?parent=2"}],"curies":[{"name":"wp","href":"https:\/\/api.w.org\/{rel}","templated":true}]}}