{"id":13,"date":"2022-04-08T12:30:31","date_gmt":"2022-04-08T10:30:31","guid":{"rendered":"http:\/\/prywatnepozyczki24h.pl\/?page_id=13"},"modified":"2026-01-26T10:01:08","modified_gmt":"2026-01-26T09:01:08","slug":"oddluzenia","status":"publish","type":"page","link":"https:\/\/prywatnepozyczki24h.pl\/index.php\/oddluzenia\/","title":{"rendered":"Odd\u0142u\u017cenia"},"content":{"rendered":"\n<p class=\"has-text-align-center\">Nie tylko po\u017cyczamy, posiadamy r\u00f3wnie\u017c kompleksowy program odd\u0142u\u017ceniowy, tym samym jeste\u015bmy w stanie odd\u0142u\u017cy\u0107 i docelowo, przenie\u015b\u0107 ju\u017c tylko jedno zobowi\u0105zanie na maksymalnie mo\u017cliwy okres do banku.<br>\u00a0<br>\u00a0<br>\u00a0<br>Teren Ca\u0142ej Polski  Wszystkie Rodzaje Nieruchomo\u015bci<br>\u00a0<br>\u200bOferta po\u017cyczki od 3 do 60 m-c, z Mo\u017cliwo\u015bci\u0105 Przed\u0142u\u017cenia.<br>\u00a0<br>\u00a0<br>Decyzja 24 Godz. W Dni Robocze.<br>\u00a0<br>NIE POBIERAMY OP\u0141AT WST\u0118PNYCH\u00a0<\/p>\n","protected":false},"excerpt":{"rendered":"<p>Nie tylko po\u017cyczamy, posiadamy r\u00f3wnie\u017c kompleksowy program odd\u0142u\u017ceniowy, tym samym jeste\u015bmy w stanie odd\u0142u\u017cy\u0107 i docelowo, przenie\u015b\u0107 ju\u017c tylko jedno<\/p>\n<p><a href=\"https:\/\/prywatnepozyczki24h.pl\/index.php\/oddluzenia\/\" class=\"more-link\">Continue reading<span class=\"screen-reader-text\">Odd\u0142u\u017cenia<\/span><\/a><\/p>\n","protected":false},"author":1,"featured_media":0,"parent":0,"menu_order":0,"comment_status":"closed","ping_status":"closed","template":"","meta":{"_monsterinsights_skip_tracking":false,"_monsterinsights_sitenote_active":false,"_monsterinsights_sitenote_note":"","_monsterinsights_sitenote_category":0,"footnotes":""},"class_list":["post-13","page","type-page","status-publish","hentry"],"aioseo_notices":[],"_links":{"self":[{"href":"https:\/\/prywatnepozyczki24h.pl\/index.php\/wp-json\/wp\/v2\/pages\/13","targetHints":{"allow":["GET"]}}],"collection":[{"href":"https:\/\/prywatnepozyczki24h.pl\/index.php\/wp-json\/wp\/v2\/pages"}],"about":[{"href":"https:\/\/prywatnepozyczki24h.pl\/index.php\/wp-json\/wp\/v2\/types\/page"}],"author":[{"embeddable":true,"href":"https:\/\/prywatnepozyczki24h.pl\/index.php\/wp-json\/wp\/v2\/users\/1"}],"replies":[{"embeddable":true,"href":"https:\/\/prywatnepozyczki24h.pl\/index.php\/wp-json\/wp\/v2\/comments?post=13"}],"version-history":[{"count":4,"href":"https:\/\/prywatnepozyczki24h.pl\/index.php\/wp-json\/wp\/v2\/pages\/13\/revisions"}],"predecessor-version":[{"id":119,"href":"https:\/\/prywatnepozyczki24h.pl\/index.php\/wp-json\/wp\/v2\/pages\/13\/revisions\/119"}],"wp:attachment":[{"href":"https:\/\/prywatnepozyczki24h.pl\/index.php\/wp-json\/wp\/v2\/media?parent=13"}],"curies":[{"name":"wp","href":"https:\/\/api.w.org\/{rel}","templated":true}]}}