{"id":101,"date":"2023-01-02T11:13:21","date_gmt":"2023-01-02T10:13:21","guid":{"rendered":"https:\/\/prywatnepozyczki24h.pl\/?page_id=101"},"modified":"2026-01-26T09:54:13","modified_gmt":"2026-01-26T08:54:13","slug":"pozabankowe","status":"publish","type":"page","link":"https:\/\/prywatnepozyczki24h.pl\/index.php\/pozabankowe\/","title":{"rendered":"Kredyty Pozabankowe"},"content":{"rendered":"\n<p class=\"has-text-align-center\">KREDYTY POZABANKOWE <\/p>\n\n\n\n<p>Nie tylko po\u017cyczamy, posiadamy r\u00f3wnie\u017c kompleksowy program odd\u0142u\u017ceniowy, tym samym jeste\u015bmy w stanie odd\u0142u\u017cy\u0107 i docelowo, przenie\u015b\u0107 ju\u017c tylko jedno zobowi\u0105zanie na maksymalnie mo\u017cliwy okres do banku.<\/p>\n\n\n\n<p><\/p>\n\n\n\n<p><\/p>\n","protected":false},"excerpt":{"rendered":"<p>KREDYTY POZABANKOWE Nie tylko po\u017cyczamy, posiadamy r\u00f3wnie\u017c kompleksowy program odd\u0142u\u017ceniowy, tym samym jeste\u015bmy w stanie odd\u0142u\u017cy\u0107 i docelowo, przenie\u015b\u0107 ju\u017c<\/p>\n<p><a href=\"https:\/\/prywatnepozyczki24h.pl\/index.php\/pozabankowe\/\" class=\"more-link\">Continue reading<span class=\"screen-reader-text\">Kredyty Pozabankowe<\/span><\/a><\/p>\n","protected":false},"author":1,"featured_media":0,"parent":0,"menu_order":0,"comment_status":"closed","ping_status":"closed","template":"","meta":{"_monsterinsights_skip_tracking":false,"_monsterinsights_sitenote_active":false,"_monsterinsights_sitenote_note":"","_monsterinsights_sitenote_category":0,"footnotes":""},"class_list":["post-101","page","type-page","status-publish","hentry"],"aioseo_notices":[],"_links":{"self":[{"href":"https:\/\/prywatnepozyczki24h.pl\/index.php\/wp-json\/wp\/v2\/pages\/101","targetHints":{"allow":["GET"]}}],"collection":[{"href":"https:\/\/prywatnepozyczki24h.pl\/index.php\/wp-json\/wp\/v2\/pages"}],"about":[{"href":"https:\/\/prywatnepozyczki24h.pl\/index.php\/wp-json\/wp\/v2\/types\/page"}],"author":[{"embeddable":true,"href":"https:\/\/prywatnepozyczki24h.pl\/index.php\/wp-json\/wp\/v2\/users\/1"}],"replies":[{"embeddable":true,"href":"https:\/\/prywatnepozyczki24h.pl\/index.php\/wp-json\/wp\/v2\/comments?post=101"}],"version-history":[{"count":3,"href":"https:\/\/prywatnepozyczki24h.pl\/index.php\/wp-json\/wp\/v2\/pages\/101\/revisions"}],"predecessor-version":[{"id":115,"href":"https:\/\/prywatnepozyczki24h.pl\/index.php\/wp-json\/wp\/v2\/pages\/101\/revisions\/115"}],"wp:attachment":[{"href":"https:\/\/prywatnepozyczki24h.pl\/index.php\/wp-json\/wp\/v2\/media?parent=101"}],"curies":[{"name":"wp","href":"https:\/\/api.w.org\/{rel}","templated":true}]}}